{"id":17,"date":"2024-02-26T18:10:20","date_gmt":"2024-02-26T18:10:20","guid":{"rendered":"http:\/\/www.atliwi.com\/en\/?page_id=17"},"modified":"2024-12-09T06:32:47","modified_gmt":"2024-12-09T06:32:47","slug":"contact","status":"publish","type":"page","link":"https:\/\/ozel.av.tr\/en\/contact\/","title":{"rendered":"Contact"},"content":{"rendered":"\n<div class=\"wp-block-columns row flex-wrap is-layout-flex wp-container-core-columns-is-layout-1 wp-block-columns-is-layout-flex\">\n<div class=\"wp-block-column is-vertically-aligned-top col-12 col-lg-6 is-layout-flow wp-block-column-is-layout-flow\">\n<br>\n<p>\n<strong>\u00d6ZEL &amp; \u00d6ZEL Attorneys at Law<\/strong>\n<\/p>\n<p>\n<span class=\"fas fa-map-marker-alt\"><\/span> B\u00fcy\u00fckdere Caddesi 151 C Block Apartment No: 44 Floor: 6\n<br>Zincirlikuyu 34394 \u0130stanbul\/T\u00fcrkiye\n<\/p>\n<p><span class=\"far fa-envelope\"><\/span> info@ozel.av.tr<\/p>\n<p><span class=\"fas fa-phone\"><\/span> +90 212 324 2710<\/p>\n<p><span class=\"fas fa-fax\"><\/span> +90 212 324 2711<\/p>\n<br>\n<p>\n<iframe src=\"https:\/\/www.google.com\/maps\/embed?pb=!1m18!1m12!1m3!1d1616.7434125011905!2d29.01462499999999!3d41.069197!2m3!1f0!2f0!3f0!3m2!1i1024!2i768!4f13.1!3m3!1m2!1s0x14cab6450fbf55ad%3A0x9477b3f7b64d8b85!2zRXNlbnRlcGUsIELDvHnDvGtkZXJlIENkLiAxNTEsIDM0Mzk0IMWeacWfbGkvxLBzdGFuYnVsLCBUw7xya2l5ZQ!5e0!3m2!1str!2svi!4v1727030335391!5m2!1str!2svi\" width=\"400\" height=\"300\" style=\"border:0;\" allowfullscreen=\"\" loading=\"lazy\" referrerpolicy=\"no-referrer-when-downgrade\"><\/iframe>\n<\/p>\n<\/div>\n\n\n\n<div class=\"wp-block-column is-vertically-aligned-top col-12 col-lg-6 is-layout-flow wp-block-column-is-layout-flow\"><\/div>\n<\/div>\n","protected":false},"excerpt":{"rendered":"<p>\u00d6ZEL &amp; \u00d6ZEL Attorneys at Law B\u00fcy\u00fckdere Caddesi 151 C Block Apartment No: 44 Floor: 6 Zincirlikuyu 34394 \u0130stanbul\/T\u00fcrkiye info@ozel.av.tr +90 212 324 2710 +90 212 324 2711<\/p>\n","protected":false},"author":1,"featured_media":23,"parent":0,"menu_order":0,"comment_status":"closed","ping_status":"closed","template":"page-contact.php","meta":{"_acf_changed":false,"footnotes":""},"class_list":["post-17","page","type-page","status-publish","has-post-thumbnail","hentry"],"acf":[],"_links":{"self":[{"href":"https:\/\/ozel.av.tr\/en\/wp-json\/wp\/v2\/pages\/17","targetHints":{"allow":["GET"]}}],"collection":[{"href":"https:\/\/ozel.av.tr\/en\/wp-json\/wp\/v2\/pages"}],"about":[{"href":"https:\/\/ozel.av.tr\/en\/wp-json\/wp\/v2\/types\/page"}],"author":[{"embeddable":true,"href":"https:\/\/ozel.av.tr\/en\/wp-json\/wp\/v2\/users\/1"}],"replies":[{"embeddable":true,"href":"https:\/\/ozel.av.tr\/en\/wp-json\/wp\/v2\/comments?post=17"}],"version-history":[{"count":5,"href":"https:\/\/ozel.av.tr\/en\/wp-json\/wp\/v2\/pages\/17\/revisions"}],"predecessor-version":[{"id":167,"href":"https:\/\/ozel.av.tr\/en\/wp-json\/wp\/v2\/pages\/17\/revisions\/167"}],"wp:featuredmedia":[{"embeddable":true,"href":"https:\/\/ozel.av.tr\/en\/wp-json\/wp\/v2\/media\/23"}],"wp:attachment":[{"href":"https:\/\/ozel.av.tr\/en\/wp-json\/wp\/v2\/media?parent=17"}],"curies":[{"name":"wp","href":"https:\/\/api.w.org\/{rel}","templated":true}]}}